{"id":9,"date":"2019-07-21T21:58:31","date_gmt":"2019-07-21T21:58:31","guid":{"rendered":"https:\/\/www.aquisucesso.com.br\/site\/?page_id=9"},"modified":"2020-07-09T13:44:07","modified_gmt":"2020-07-09T13:44:07","slug":"cliente-premium","status":"publish","type":"page","link":"https:\/\/www.aquisucesso.com.br\/site\/cliente-premium\/","title":{"rendered":"Cliente Premium"},"content":{"rendered":"\n<h2>Veja aqui benef\u00edcios e vantagens de ser um Cliente Premium.<\/h2>\n\n\n\n<figure class=\"wp-block-embed-youtube wp-block-embed is-type-video is-provider-youtube wp-embed-aspect-16-9 wp-has-aspect-ratio\"><div class=\"wp-block-embed__wrapper\">\n<iframe loading=\"lazy\" title=\"V\u00eddeo de apresenta\u00e7\u00e3o do Cliente Premium\" width=\"525\" height=\"295\" src=\"https:\/\/www.youtube.com\/embed\/TyuiJrN2Sd0?feature=oembed\" frameborder=\"0\" allow=\"accelerometer; autoplay; encrypted-media; gyroscope; picture-in-picture\" allowfullscreen><\/iframe>\n<\/div><\/figure>\n\n\n\n<h2>Para fazer o seu cadastro, siga os passos do v\u00eddeo abaixo:<\/h2>\n\n\n\n<figure class=\"wp-block-embed-youtube wp-block-embed is-type-video is-provider-youtube wp-embed-aspect-16-9 wp-has-aspect-ratio\"><div class=\"wp-block-embed__wrapper\">\n<iframe loading=\"lazy\" title=\"Passo a Passo Cliente Premium\" width=\"525\" height=\"295\" src=\"https:\/\/www.youtube.com\/embed\/KWOYr9FRDxo?feature=oembed\" frameborder=\"0\" allow=\"accelerometer; autoplay; encrypted-media; gyroscope; picture-in-picture\" allowfullscreen><\/iframe>\n<\/div><\/figure>\n\n\n\n<p><strong>Use o ID: 43223182C<\/strong><\/p>\n\n\n\n<p><strong>Iniciais: BOR<\/strong><\/p>\n\n\n\n<p>Seja um Cliente Premium e tenha vantagens exclusivas, entre elas, resultados como estes:<\/p>\n\n\n\n<figure class=\"wp-block-embed-youtube wp-block-embed is-type-video is-provider-youtube wp-embed-aspect-16-9 wp-has-aspect-ratio\"><div class=\"wp-block-embed__wrapper\">\n<iframe loading=\"lazy\" title=\"Resultado produtos\" width=\"525\" height=\"295\" src=\"https:\/\/www.youtube.com\/embed\/9IRki_sB75g?feature=oembed\" frameborder=\"0\" allow=\"accelerometer; autoplay; encrypted-media; gyroscope; picture-in-picture\" allowfullscreen><\/iframe>\n<\/div><\/figure>\n\n\n\n<h4>Hist\u00f3ria de Sucesso &#8211; Elisabete Lopes Barbosa<\/h4>\n\n\n\n<figure class=\"wp-block-image\"><img loading=\"lazy\" width=\"580\" height=\"400\" src=\"https:\/\/www.aquisucesso.com.br\/site\/wp-content\/uploads\/2019\/09\/elisabete.jpg\" alt=\"\" class=\"wp-image-96\" srcset=\"https:\/\/www.aquisucesso.com.br\/site\/wp-content\/uploads\/2019\/09\/elisabete.jpg 580w, https:\/\/www.aquisucesso.com.br\/site\/wp-content\/uploads\/2019\/09\/elisabete-300x207.jpg 300w\" sizes=\"(max-width: 580px) 100vw, 580px\" \/><\/figure>\n\n\n\n<p>Quando foi apresentada \u00e0 Nutri\u00e7\u00e3o Herbalife, Elisabete tinha d\u00favida quanto \u00e0 efetividade dos produtos, pois n\u00e3o imaginava que poderia melhorar tanto a sua qualidade de vida. \u201cOs produtos realmente me surpreenderam\u201d, afirma. Frequentadora ass\u00eddua de fast-foods, ela substituiu os sandu\u00edches pelo Shake, o Herbal Concentrate e as Barras de Prote\u00ednas. Ela conta que hoje percebe o qu\u00e3o importante \u00e9 ter uma boa nutri\u00e7\u00e3o. Com a mudan\u00e7a de h\u00e1bitos alimentares e a pr\u00e1tica de atividades f\u00edsicas regulares, Elisabete conseguiu eliminar 25 quilos \u201cHoje sou outra pessoa, minha energia e disposi\u00e7\u00e3o melhoraram muito!\u201d conta. <\/p>\n\n\n\n<h4>Lucas Faria Floro<\/h4>\n\n\n\n<figure class=\"wp-block-image\"><img loading=\"lazy\" width=\"580\" height=\"400\" src=\"https:\/\/www.aquisucesso.com.br\/site\/wp-content\/uploads\/2019\/09\/lucas.jpg\" alt=\"\" class=\"wp-image-97\" srcset=\"https:\/\/www.aquisucesso.com.br\/site\/wp-content\/uploads\/2019\/09\/lucas.jpg 580w, https:\/\/www.aquisucesso.com.br\/site\/wp-content\/uploads\/2019\/09\/lucas-300x207.jpg 300w\" sizes=\"(max-width: 580px) 100vw, 580px\" \/><\/figure>\n\n\n\n<p> Insatisfeito com o corpo e disposto a melhorar sua sa\u00fade, Lucas decidiu se matricular em uma academia. Por coincid\u00eancia, no mesmo dia recebeu um convite para conhecer um Espa\u00e7o Vida Saud\u00e1vel. \u201cJ\u00e1 na primeira semana de uso dos produtos, minha disposi\u00e7\u00e3o mudou completamente. Antes s\u00f3 tinha pique para trabalhar no meio da tarde, depois passei a sentir minha energia bombando desde cedo\u201d relata. No come\u00e7ou, ele substituiu o caf\u00e9 da manh\u00e3 e o almo\u00e7o pelo Shake, o Herbal Concentrate Original e o N-R-G. Ap\u00f3s eliminar 22 quilos, Lucas passou a utilizar tamb\u00e9m o Fiber Concentrate Uva, o Fiberbond e o Herbalifeline diariamente . Hoje, ele n\u00e3o hesita em afirmar que \u00e9 uma nova pessoa. \u201cMinha autoestima melhorou muito, minha disposi\u00e7\u00e3o \u00e9 outra e tenho muito mais qualidade de vida.\u201d <\/p>\n\n\n\n<h4>Erika e Carlos Eduardo<\/h4>\n\n\n\n<figure class=\"wp-block-image\"><img loading=\"lazy\" width=\"580\" height=\"400\" src=\"https:\/\/www.aquisucesso.com.br\/site\/wp-content\/uploads\/2019\/09\/erikaeduardo.jpg\" alt=\"\" class=\"wp-image-98\" srcset=\"https:\/\/www.aquisucesso.com.br\/site\/wp-content\/uploads\/2019\/09\/erikaeduardo.jpg 580w, https:\/\/www.aquisucesso.com.br\/site\/wp-content\/uploads\/2019\/09\/erikaeduardo-300x207.jpg 300w\" sizes=\"(max-width: 580px) 100vw, 580px\" \/><\/figure>\n\n\n\n<p>Erika foi a primeira a visitar um Espa\u00e7o Vida Saud\u00e1vel, na companhia da sogra, h\u00e1 cerca de sete anos. N\u00e3o contou ao marido Carlos porque, por desconhecimento, ele duvidava da efic\u00e1cia dos produtos. \u201cEu sempre digo que a Herbalife entrou na nossa vida por meio da pessoa mais forte da casa, que \u00e9 minha esposa\u201d, conta Carlos. Depois de uma semana usando os produtos, Erika convidou o marido a acompanh\u00e1-la e ele acabou aceitando. \u201cAchei t\u00e3o gostoso que comecei a ir junto\u201d, lembra ele. Hoje<\/p>\n\n\n\n<p>\u00c9rika comemora os 33 quilos a menos, e Carlos, 48 quilos eliminados. Nos primeiros seis meses consumiam o Shake, o Protein Powder, o N-R-G e o Herbal Concentrate. Depois passaram a tomar tamb\u00e9m o Xtra-Cal, o Multivitaminas, o Herbalifeline e o Fiber Concentrate. \u201cEu adoro todos os sabores do Shake e me divirto fazendo misturas entre eles\u201d, diz Carlos. O casal mant\u00e9m o peso h\u00e1 anos, mas mesmo assim n\u00e3o abandona os produtos porque v\u00eaem neles uma possibilidade de nutri\u00e7\u00e3o saud\u00e1vel e leve. \u201cSou apaixonada por todos. Mas os que acho mais gostosos s\u00e3o os Shakes de chocolate e de coco. O Fiber Concentrate de uva tamb\u00e9m \u00e9 maravilhoso!\u201d, enumera \u00c9rika. Carlos malha com frequ\u00eancia e faz uso das op\u00e7\u00f5es voltadas principalmente para o esporte, a linha 24Hours e o CR7.<\/p>\n\n\n\n<p>Quer mais informa\u00e7\u00f5es? Preencha o formul\u00e1rio abaixo e entraremos em contato.<\/p>\n\n\n\n<div role=\"form\" class=\"wpcf7\" id=\"wpcf7-f142-o1\" lang=\"pt-BR\" dir=\"ltr\">\n<div class=\"screen-reader-response\"><p role=\"status\" aria-live=\"polite\" aria-atomic=\"true\"><\/p> <ul><\/ul><\/div>\n<form action=\"\/site\/wp-json\/wp\/v2\/pages\/9#wpcf7-f142-o1\" method=\"post\" class=\"wpcf7-form init\" novalidate=\"novalidate\" data-status=\"init\">\n<div style=\"display: none;\">\n<input type=\"hidden\" name=\"_wpcf7\" value=\"142\" \/>\n<input type=\"hidden\" name=\"_wpcf7_version\" value=\"5.4.2\" \/>\n<input type=\"hidden\" name=\"_wpcf7_locale\" value=\"pt_BR\" \/>\n<input type=\"hidden\" name=\"_wpcf7_unit_tag\" value=\"wpcf7-f142-o1\" \/>\n<input type=\"hidden\" name=\"_wpcf7_container_post\" value=\"0\" \/>\n<input type=\"hidden\" name=\"_wpcf7_posted_data_hash\" value=\"\" \/>\n<\/div>\n<p><label> Nome (obrigat\u00f3rio)<br \/>\n    <span class=\"wpcf7-form-control-wrap your-name\"><input type=\"text\" name=\"your-name\" value=\"\" size=\"40\" class=\"wpcf7-form-control wpcf7-text wpcf7-validates-as-required\" aria-required=\"true\" aria-invalid=\"false\" \/><\/span> <\/label><\/p>\n<p><label> E-mail (obrigat\u00f3rio)<br \/>\n    <span class=\"wpcf7-form-control-wrap your-email\"><input type=\"email\" name=\"your-email\" value=\"\" size=\"40\" class=\"wpcf7-form-control wpcf7-text wpcf7-email wpcf7-validates-as-required wpcf7-validates-as-email\" aria-required=\"true\" aria-invalid=\"false\" \/><\/span> <\/label><\/p>\n<p><label> Telefone (obrigat\u00f3rio)<br \/>\n    <span class=\"wpcf7-form-control-wrap telefone\"><input type=\"tel\" name=\"telefone\" value=\"\" size=\"40\" class=\"wpcf7-form-control wpcf7-text wpcf7-tel wpcf7-validates-as-required wpcf7-validates-as-tel\" aria-required=\"true\" aria-invalid=\"false\" \/><\/span> <\/label><\/p>\n<p><label> Cidade (obrigat\u00f3rio)<br \/>\n<span class=\"wpcf7-form-control-wrap cidade\"><input type=\"text\" name=\"cidade\" value=\"\" size=\"40\" class=\"wpcf7-form-control wpcf7-text wpcf7-validates-as-required\" id=\"cidade\" aria-required=\"true\" aria-invalid=\"false\" \/><\/span> <\/label><\/p>\n<p><label> Estado (obrigat\u00f3rio)<br \/>\n<span class=\"wpcf7-form-control-wrap estado\"><input type=\"text\" name=\"estado\" value=\"\" size=\"40\" class=\"wpcf7-form-control wpcf7-text wpcf7-validates-as-required\" id=\"estado\" aria-required=\"true\" aria-invalid=\"false\" \/><\/span> <\/label><\/p>\n<p><input type=\"submit\" value=\"Enviar\" class=\"wpcf7-form-control wpcf7-submit\" \/><\/p>\n<div class=\"wpcf7-response-output\" aria-hidden=\"true\"><\/div><\/form><\/div>\n","protected":false},"excerpt":{"rendered":"<p>Veja aqui benef\u00edcios e vantagens de ser um Cliente Premium. Para fazer o seu cadastro, siga os passos do v\u00eddeo abaixo: Use o ID: 43223182C Iniciais: BOR Seja um Cliente Premium e tenha vantagens exclusivas, entre elas, resultados como estes: Hist\u00f3ria de Sucesso &#8211; Elisabete Lopes Barbosa Quando foi apresentada \u00e0 Nutri\u00e7\u00e3o Herbalife, Elisabete tinha [&hellip;]<\/p>\n","protected":false},"author":1,"featured_media":0,"parent":0,"menu_order":0,"comment_status":"closed","ping_status":"closed","template":"","meta":[],"_links":{"self":[{"href":"https:\/\/www.aquisucesso.com.br\/site\/wp-json\/wp\/v2\/pages\/9"}],"collection":[{"href":"https:\/\/www.aquisucesso.com.br\/site\/wp-json\/wp\/v2\/pages"}],"about":[{"href":"https:\/\/www.aquisucesso.com.br\/site\/wp-json\/wp\/v2\/types\/page"}],"author":[{"embeddable":true,"href":"https:\/\/www.aquisucesso.com.br\/site\/wp-json\/wp\/v2\/users\/1"}],"replies":[{"embeddable":true,"href":"https:\/\/www.aquisucesso.com.br\/site\/wp-json\/wp\/v2\/comments?post=9"}],"version-history":[{"count":17,"href":"https:\/\/www.aquisucesso.com.br\/site\/wp-json\/wp\/v2\/pages\/9\/revisions"}],"predecessor-version":[{"id":178,"href":"https:\/\/www.aquisucesso.com.br\/site\/wp-json\/wp\/v2\/pages\/9\/revisions\/178"}],"wp:attachment":[{"href":"https:\/\/www.aquisucesso.com.br\/site\/wp-json\/wp\/v2\/media?parent=9"}],"curies":[{"name":"wp","href":"https:\/\/api.w.org\/{rel}","templated":true}]}}