{"id":8,"date":"2019-07-21T21:58:31","date_gmt":"2019-07-21T21:58:31","guid":{"rendered":"https:\/\/www.aquisucesso.com.br\/site\/?page_id=8"},"modified":"2020-04-05T14:30:31","modified_gmt":"2020-04-05T14:30:31","slug":"produtos","status":"publish","type":"page","link":"https:\/\/www.aquisucesso.com.br\/site\/produtos\/","title":{"rendered":"Produtos"},"content":{"rendered":"\n<figure class=\"wp-block-image\"><img src=\"https:\/\/az31823.vo.msecnd.net\/content\/pt-br\/img\/subpg_banners\/herbalife-products.jpg\" alt=\"NUTRI\u00c7\u00c3O &amp; QUALIDADE\"\/><\/figure>\n\n\n\n<p>Os produtos Herbalife combinados com uma alimenta\u00e7\u00e3o saud\u00e1vel e a \u00e0 \npr\u00e1tica de exerc\u00edcios, podem ajudar voc\u00ea a ter uma vida mais ativa e \nsaud\u00e1vel.<\/p>\n\n\n\n<p>A Herbalife \u00e9 comprometida em desenvolver produtos inovadores, sempre  testados em grandes institutos de pesquisa, considerados os mais  importantes do mundo, al\u00e9m de ser desenvolvidos com padr\u00f5es de qualidade  internacionais.<\/p>\n\n\n\n<p>Baixe nosso cat\u00e1logo de produtos neste <a href=\"https:\/\/www.aquisucesso.com.br\/site\/wp-content\/uploads\/2020\/04\/catalogo.pdf\">link<\/a>.<\/p>\n\n\n\n<div class=\"wp-block-image\"><figure class=\"aligncenter size-large is-resized\"><a href=\"https:\/\/www.aquisucesso.com.br\/site\/wp-content\/uploads\/2020\/04\/catalogo.pdf\"><img loading=\"lazy\" src=\"https:\/\/www.aquisucesso.com.br\/site\/wp-content\/uploads\/2020\/04\/catalogo.png\" alt=\"\" class=\"wp-image-151\" width=\"144\" height=\"203\" srcset=\"https:\/\/www.aquisucesso.com.br\/site\/wp-content\/uploads\/2020\/04\/catalogo.png 476w, https:\/\/www.aquisucesso.com.br\/site\/wp-content\/uploads\/2020\/04\/catalogo-213x300.png 213w\" sizes=\"(max-width: 144px) 100vw, 144px\" \/><\/a><\/figure><\/div>\n\n\n\n<h2>Lan\u00e7amento<\/h2>\n\n\n\n<figure class=\"wp-block-embed-youtube wp-block-embed is-type-video is-provider-youtube wp-embed-aspect-4-3 wp-has-aspect-ratio\"><div class=\"wp-block-embed__wrapper\">\n<iframe loading=\"lazy\" title=\"Hora de mudar Herbalife\" width=\"525\" height=\"394\" src=\"https:\/\/www.youtube.com\/embed\/d56DBQU2sdk?feature=oembed\" frameborder=\"0\" allow=\"accelerometer; autoplay; encrypted-media; gyroscope; picture-in-picture\" allowfullscreen><\/iframe>\n<\/div><\/figure>\n\n\n\n<figure class=\"wp-block-embed-youtube wp-block-embed is-type-video is-provider-youtube wp-embed-aspect-16-9 wp-has-aspect-ratio\"><div class=\"wp-block-embed__wrapper\">\n<iframe loading=\"lazy\" title=\"Lan\u00e7amento Herbalife crunch\" width=\"525\" height=\"295\" src=\"https:\/\/www.youtube.com\/embed\/rWIz7LCt8fg?feature=oembed\" frameborder=\"0\" allow=\"accelerometer; autoplay; encrypted-media; gyroscope; picture-in-picture\" allowfullscreen><\/iframe>\n<\/div><\/figure>\n\n\n\n<figure class=\"wp-block-embed-youtube wp-block-embed is-type-video is-provider-youtube wp-embed-aspect-4-3 wp-has-aspect-ratio\"><div class=\"wp-block-embed__wrapper\">\n<iframe loading=\"lazy\" title=\"Lan\u00e7amento Herbalife crunch\" width=\"525\" height=\"394\" src=\"https:\/\/www.youtube.com\/embed\/JGPiavq6cxo?feature=oembed\" frameborder=\"0\" allow=\"accelerometer; autoplay; encrypted-media; gyroscope; picture-in-picture\" allowfullscreen><\/iframe>\n<\/div><\/figure>\n\n\n\n<figure class=\"wp-block-embed-youtube wp-block-embed is-type-video is-provider-youtube wp-embed-aspect-16-9 wp-has-aspect-ratio\"><div class=\"wp-block-embed__wrapper\">\n<iframe loading=\"lazy\" title=\"Novo Shake de Cookies &amp; Cream Herbalife\" width=\"525\" height=\"295\" src=\"https:\/\/www.youtube.com\/embed\/FKQV0zCg0fU?feature=oembed\" frameborder=\"0\" allow=\"accelerometer; autoplay; encrypted-media; gyroscope; picture-in-picture\" allowfullscreen><\/iframe>\n<\/div><\/figure>\n\n\n\n<p><strong>Controle de Peso<\/strong><\/p>\n\n\n\n<p>Tentando perder, manter ou ganhar peso?<br>Os produtos de Nutri\u00e7\u00e3o, \nincluindo o Shake Herbalife, j\u00e1 auxiliaram milh\u00f5es de pessoas ao redor \ndo mundo a ter uma vida mais ativa e saud\u00e1vel.<\/p>\n\n\n\n<p><strong>Nutri\u00e7\u00e3o Din\u00e2mica<\/strong><\/p>\n\n\n\n<p>Produtos elaborados com ingredientes naturais que auxiliam aqueles que buscam mais energia em seu dia a dia.<\/p>\n\n\n\n<p><strong>Nutri\u00e7\u00e3o Inteligente<\/strong><\/p>\n\n\n\n<p>Os produtos da linha de Nutri\u00e7\u00e3o Inteligente s\u00e3o elaborados sob medida para equilibrar as necessidades di\u00e1rias do organismo.<\/p>\n\n\n\n<p><strong>Nutri\u00e7\u00e3o Externa<\/strong><\/p>\n\n\n\n<p>A Herbalife apresenta sete linhas de produtos com formula\u00e7\u00f5es ricas \nem vitaminas e ingredientes naturais para nutrir e cuidar da pele do \nrosto, corpo e cabelos.<\/p>\n","protected":false},"excerpt":{"rendered":"<p>Os produtos Herbalife combinados com uma alimenta\u00e7\u00e3o saud\u00e1vel e a \u00e0 pr\u00e1tica de exerc\u00edcios, podem ajudar voc\u00ea a ter uma vida mais ativa e saud\u00e1vel. A Herbalife \u00e9 comprometida em desenvolver produtos inovadores, sempre testados em grandes institutos de pesquisa, considerados os mais importantes do mundo, al\u00e9m de ser desenvolvidos com padr\u00f5es de qualidade internacionais. [&hellip;]<\/p>\n","protected":false},"author":1,"featured_media":0,"parent":0,"menu_order":0,"comment_status":"closed","ping_status":"closed","template":"","meta":[],"_links":{"self":[{"href":"https:\/\/www.aquisucesso.com.br\/site\/wp-json\/wp\/v2\/pages\/8"}],"collection":[{"href":"https:\/\/www.aquisucesso.com.br\/site\/wp-json\/wp\/v2\/pages"}],"about":[{"href":"https:\/\/www.aquisucesso.com.br\/site\/wp-json\/wp\/v2\/types\/page"}],"author":[{"embeddable":true,"href":"https:\/\/www.aquisucesso.com.br\/site\/wp-json\/wp\/v2\/users\/1"}],"replies":[{"embeddable":true,"href":"https:\/\/www.aquisucesso.com.br\/site\/wp-json\/wp\/v2\/comments?post=8"}],"version-history":[{"count":5,"href":"https:\/\/www.aquisucesso.com.br\/site\/wp-json\/wp\/v2\/pages\/8\/revisions"}],"predecessor-version":[{"id":156,"href":"https:\/\/www.aquisucesso.com.br\/site\/wp-json\/wp\/v2\/pages\/8\/revisions\/156"}],"wp:attachment":[{"href":"https:\/\/www.aquisucesso.com.br\/site\/wp-json\/wp\/v2\/media?parent=8"}],"curies":[{"name":"wp","href":"https:\/\/api.w.org\/{rel}","templated":true}]}}