{"id":38,"date":"2019-07-21T22:01:07","date_gmt":"2019-07-21T22:01:07","guid":{"rendered":"https:\/\/www.aquisucesso.com.br\/site\/?page_id=38"},"modified":"2020-07-21T12:40:26","modified_gmt":"2020-07-21T12:40:26","slug":"oportunidade-de-negocio","status":"publish","type":"page","link":"https:\/\/www.aquisucesso.com.br\/site\/","title":{"rendered":"Oportunidade de Neg\u00f3cio"},"content":{"rendered":"\n<figure class=\"wp-block-embed-youtube wp-block-embed is-type-video is-provider-youtube wp-embed-aspect-16-9 wp-has-aspect-ratio\"><div class=\"wp-block-embed__wrapper\">\n<iframe loading=\"lazy\" title=\"institucional herbalife\" width=\"525\" height=\"295\" src=\"https:\/\/www.youtube.com\/embed\/KDQSuzyGaNA?feature=oembed\" frameborder=\"0\" allow=\"accelerometer; autoplay; encrypted-media; gyroscope; picture-in-picture\" allowfullscreen><\/iframe>\n<\/div><\/figure>\n\n\n\n<p>Para se cadastrar, entre no site <a href=\"http:\/\/myherbalife.com\">myherbalife.com<\/a> e utilize os dados abaixo<\/p>\n\n\n\n<p class=\"has-medium-font-size\"><strong>ID: 43223182C<br>Iniciais: BOR<\/strong><\/p>\n\n\n\n<figure class=\"wp-block-embed-youtube wp-block-embed is-type-video is-provider-youtube wp-embed-aspect-4-3 wp-has-aspect-ratio\"><div class=\"wp-block-embed__wrapper\">\n<iframe loading=\"lazy\" title=\"Novo Consultor Darlei\" width=\"525\" height=\"394\" src=\"https:\/\/www.youtube.com\/embed\/g8HO_KtATCE?feature=oembed\" frameborder=\"0\" allow=\"accelerometer; autoplay; encrypted-media; gyroscope; picture-in-picture\" allowfullscreen><\/iframe>\n<\/div><\/figure>\n\n\n\n<h2>15 motivos para entrar no Neg\u00f3cio Herbalife<\/h2>\n\n\n\n<ol><li>Ser dono do seu pr\u00f3prio neg\u00f3cio e ter liberdade de hor\u00e1rios;<\/li><li>Passar mais tempo com a fam\u00edlia ou mesmo trabalhar em fam\u00edlia;<\/li><li>Ter uma renda extra ou principal;<\/li><li>Possibilidade de alcan\u00e7ar independ\u00eancia financeira;<\/li><li>Ganho proporcional ao seu esfor\u00e7o pessoal e sobre as vendas de sua Organiza\u00e7\u00e3o;<\/li><li>Viagens de Incentivo e pr\u00eamios exclusivos;<\/li><li>Oportunidade de realiza\u00e7\u00e3o pessoal;<\/li><li>Ser a sua pr\u00f3pria Hist\u00f3ria de Sucesso;<\/li><li>Poder ajudar a mudar a vida das pessoas atrav\u00e9s da melhor \nOportunidade de Neg\u00f3cio e os melhores Produtos de Nutri\u00e7\u00e3o e Controle de\n Peso do mundo;<\/li><li>Oferecer acompanhamento personalizado aos clientes;<\/li><li>Empresa s\u00f3lida e em constante crescimento;<\/li><li>Proposta inovadora de neg\u00f3cio e de comercializa\u00e7\u00e3o de produtos;<\/li><li>Servi\u00e7o de atendimento ao consumidor especializado em nutri\u00e7\u00e3o;<\/li><li>Possibilidades de expans\u00e3o do seu neg\u00f3cio em mais de 80 pa\u00edses;<\/li><li>Neg\u00f3cio simples com baixo investimento inicial e oportunidade de ganhos imediatos!<\/li><\/ol>\n\n\n\n<p>Minha hist\u00f3ria: <em>&#8220;Por que empreender neste segmento&#8221;<\/em><\/p>\n\n\n\n<figure class=\"wp-block-embed-youtube wp-block-embed is-type-video is-provider-youtube wp-embed-aspect-16-9 wp-has-aspect-ratio\"><div class=\"wp-block-embed__wrapper\">\n<iframe loading=\"lazy\" title=\"NOSSA HIST\" width=\"525\" height=\"295\" src=\"https:\/\/www.youtube.com\/embed\/vK9NJNyT9DU?feature=oembed\" frameborder=\"0\" allow=\"accelerometer; autoplay; encrypted-media; gyroscope; picture-in-picture\" allowfullscreen><\/iframe>\n<\/div><\/figure>\n\n\n\n<p><strong>Conhe\u00e7a mais sobre essa oportunidade nos v\u00eddeos em anexo e pra mais informa\u00e7\u00f5es, deixe seus dados pra entrarmos em contato.<\/strong><\/p>\n\n\n\n<p><strong>FORMAS DE GANHO<\/strong><\/p>\n\n\n\n<figure class=\"wp-block-embed-youtube wp-block-embed is-type-video is-provider-youtube wp-embed-aspect-16-9 wp-has-aspect-ratio\"><div class=\"wp-block-embed__wrapper\">\n<iframe loading=\"lazy\" title=\"Plano de neg\u00f3cio\" width=\"525\" height=\"295\" src=\"https:\/\/www.youtube.com\/embed\/JB1PIXTTJQ4?feature=oembed\" frameborder=\"0\" allow=\"accelerometer; autoplay; encrypted-media; gyroscope; picture-in-picture\" allowfullscreen><\/iframe>\n<\/div><\/figure>\n\n\n\n<figure class=\"wp-block-image\"><img src=\"https:\/\/az31823.vo.msecnd.net\/content\/pt-br\/img\/subpg_banners\/lucro-no-varejo.jpg\" alt=\"\"\/><\/figure>\n\n\n\n<figure class=\"wp-block-image\"><img src=\"https:\/\/az31823.vo.msecnd.net\/content\/pt-br\/img\/subpg_banners\/lucro-no-atacado.jpg\" alt=\"\"\/><\/figure>\n\n\n\n<figure class=\"wp-block-embed-youtube wp-block-embed is-type-video is-provider-youtube wp-embed-aspect-16-9 wp-has-aspect-ratio\"><div class=\"wp-block-embed__wrapper\">\n<iframe loading=\"lazy\" title=\"Plano de neg\u00f3cios\" width=\"525\" height=\"295\" src=\"https:\/\/www.youtube.com\/embed\/cautgp020fM?feature=oembed\" frameborder=\"0\" allow=\"accelerometer; autoplay; encrypted-media; gyroscope; picture-in-picture\" allowfullscreen><\/iframe>\n<\/div><\/figure>\n\n\n\n<figure class=\"wp-block-image size-large\"><a href=\"https:\/\/wa.me\/555499824929?text=Ol\u00e1,%20tenho%20interesse%20em%20ser%20um%20consultor\"><img loading=\"lazy\" width=\"708\" height=\"246\" src=\"https:\/\/www.aquisucesso.com.br\/site\/wp-content\/uploads\/2020\/02\/whatsapp.png\" alt=\"\" class=\"wp-image-139\" srcset=\"https:\/\/www.aquisucesso.com.br\/site\/wp-content\/uploads\/2020\/02\/whatsapp.png 708w, https:\/\/www.aquisucesso.com.br\/site\/wp-content\/uploads\/2020\/02\/whatsapp-300x104.png 300w\" sizes=\"(max-width: 708px) 100vw, 708px\" \/><\/a><\/figure>\n\n\n\n<p><strong>Treinamento cont\u00ednuo<\/strong><\/p>\n\n\n\n<p>Na Herbalife voc\u00ea obter\u00e1 o conhecimento para crescer financeira e \npessoalmente atrav\u00e9s de uma agenda semanal, mensal e anual de \ntreinamento com l\u00edderes de sucesso.<\/p>\n\n\n\n<figure class=\"wp-block-image size-large\"><a href=\"https:\/\/wa.me\/555499824929?text=Ol\u00e1,%20tenho%20interesse%20em%20ser%20um%20consultor\"><img loading=\"lazy\" width=\"708\" height=\"246\" src=\"https:\/\/www.aquisucesso.com.br\/site\/wp-content\/uploads\/2020\/02\/whatsapp.png\" alt=\"\" class=\"wp-image-139\" srcset=\"https:\/\/www.aquisucesso.com.br\/site\/wp-content\/uploads\/2020\/02\/whatsapp.png 708w, https:\/\/www.aquisucesso.com.br\/site\/wp-content\/uploads\/2020\/02\/whatsapp-300x104.png 300w\" sizes=\"(max-width: 708px) 100vw, 708px\" \/><\/a><\/figure>\n\n\n\n<div role=\"form\" class=\"wpcf7\" id=\"wpcf7-f143-o1\" lang=\"pt-BR\" dir=\"ltr\">\n<div class=\"screen-reader-response\"><p role=\"status\" aria-live=\"polite\" aria-atomic=\"true\"><\/p> <ul><\/ul><\/div>\n<form action=\"\/site\/wp-json\/wp\/v2\/pages\/38#wpcf7-f143-o1\" method=\"post\" class=\"wpcf7-form init\" novalidate=\"novalidate\" data-status=\"init\">\n<div style=\"display: none;\">\n<input type=\"hidden\" name=\"_wpcf7\" value=\"143\" \/>\n<input type=\"hidden\" name=\"_wpcf7_version\" value=\"5.4.2\" \/>\n<input type=\"hidden\" name=\"_wpcf7_locale\" value=\"pt_BR\" \/>\n<input type=\"hidden\" name=\"_wpcf7_unit_tag\" value=\"wpcf7-f143-o1\" \/>\n<input type=\"hidden\" name=\"_wpcf7_container_post\" value=\"0\" \/>\n<input type=\"hidden\" name=\"_wpcf7_posted_data_hash\" value=\"\" \/>\n<\/div>\n<p><label> Nome (obrigat\u00f3rio)<br \/>\n    <span class=\"wpcf7-form-control-wrap your-name\"><input type=\"text\" name=\"your-name\" value=\"\" size=\"40\" class=\"wpcf7-form-control wpcf7-text wpcf7-validates-as-required\" aria-required=\"true\" aria-invalid=\"false\" \/><\/span> <\/label><\/p>\n<p><label> E-mail (obrigat\u00f3rio)<br \/>\n    <span class=\"wpcf7-form-control-wrap your-email\"><input type=\"email\" name=\"your-email\" value=\"\" size=\"40\" class=\"wpcf7-form-control wpcf7-text wpcf7-email wpcf7-validates-as-required wpcf7-validates-as-email\" aria-required=\"true\" aria-invalid=\"false\" \/><\/span> <\/label><\/p>\n<p><label> Telefone (obrigat\u00f3rio)<br \/>\n<span class=\"wpcf7-form-control-wrap telefone\"><input type=\"tel\" name=\"telefone\" value=\"\" size=\"40\" class=\"wpcf7-form-control wpcf7-text wpcf7-tel wpcf7-validates-as-required wpcf7-validates-as-tel\" id=\"telefone\" aria-required=\"true\" aria-invalid=\"false\" \/><\/span> <\/label><\/p>\n<p><label> Cidade (obrigat\u00f3rio)<br \/>\n<span class=\"wpcf7-form-control-wrap cidade\"><input type=\"text\" name=\"cidade\" value=\"\" size=\"40\" class=\"wpcf7-form-control wpcf7-text wpcf7-validates-as-required\" id=\"cidade\" aria-required=\"true\" aria-invalid=\"false\" \/><\/span> <\/label><\/p>\n<p><label> Estado (obrigat\u00f3rio)<br \/>\n<span class=\"wpcf7-form-control-wrap estado\"><input type=\"text\" name=\"estado\" value=\"\" size=\"40\" class=\"wpcf7-form-control wpcf7-text wpcf7-validates-as-required\" id=\"estado\" aria-required=\"true\" aria-invalid=\"false\" \/><\/span> <\/label><\/p>\n<p><input type=\"submit\" value=\"Enviar\" class=\"wpcf7-form-control wpcf7-submit\" \/><\/p>\n<div class=\"wpcf7-response-output\" aria-hidden=\"true\"><\/div><\/form><\/div>\n\n\n\n<p><em>* Os pagamentos de Royalties, Bonifica\u00e7\u00f5es (mensais) de  Produtividade e outros rendimentos oriundos do neg\u00f3cio de distribui\u00e7\u00e3o  Herbalife s\u00f3 podem ser obtidos por meio da venda sistem\u00e1tica de produtos  Herbalife a clientes de varejo, efetuadas pelo pr\u00f3prio Distribuidor  Independente ou pelos Distribuidores Independentes que este patrocina, e  depois de atingidas certas qualifica\u00e7\u00f5es espec\u00edficas.<\/em><\/p>\n\n\n\n<p><em>N\u00e3o est\u00e3o incorporados valores de impostos e transporte, sobre os quais n\u00e3o h\u00e1 ganhos.<\/em><\/p>\n\n\n\n<p><em>Os depoimentos financeiros aqui apresentados refletem resultados individuais \u2018ou exemplos\u2019 e n\u00e3o representam ganhos m\u00e9dios<\/em>.<\/p>\n","protected":false},"excerpt":{"rendered":"<p>Para se cadastrar, entre no site myherbalife.com e utilize os dados abaixo ID: 43223182CIniciais: BOR 15 motivos para entrar no Neg\u00f3cio Herbalife Ser dono do seu pr\u00f3prio neg\u00f3cio e ter liberdade de hor\u00e1rios; Passar mais tempo com a fam\u00edlia ou mesmo trabalhar em fam\u00edlia; Ter uma renda extra ou principal; Possibilidade de alcan\u00e7ar independ\u00eancia financeira; [&hellip;]<\/p>\n","protected":false},"author":1,"featured_media":0,"parent":0,"menu_order":0,"comment_status":"closed","ping_status":"closed","template":"","meta":[],"_links":{"self":[{"href":"https:\/\/www.aquisucesso.com.br\/site\/wp-json\/wp\/v2\/pages\/38"}],"collection":[{"href":"https:\/\/www.aquisucesso.com.br\/site\/wp-json\/wp\/v2\/pages"}],"about":[{"href":"https:\/\/www.aquisucesso.com.br\/site\/wp-json\/wp\/v2\/types\/page"}],"author":[{"embeddable":true,"href":"https:\/\/www.aquisucesso.com.br\/site\/wp-json\/wp\/v2\/users\/1"}],"replies":[{"embeddable":true,"href":"https:\/\/www.aquisucesso.com.br\/site\/wp-json\/wp\/v2\/comments?post=38"}],"version-history":[{"count":23,"href":"https:\/\/www.aquisucesso.com.br\/site\/wp-json\/wp\/v2\/pages\/38\/revisions"}],"predecessor-version":[{"id":181,"href":"https:\/\/www.aquisucesso.com.br\/site\/wp-json\/wp\/v2\/pages\/38\/revisions\/181"}],"wp:attachment":[{"href":"https:\/\/www.aquisucesso.com.br\/site\/wp-json\/wp\/v2\/media?parent=38"}],"curies":[{"name":"wp","href":"https:\/\/api.w.org\/{rel}","templated":true}]}}