{"id":15,"date":"2019-07-21T21:58:32","date_gmt":"2019-07-21T21:58:32","guid":{"rendered":"https:\/\/www.aquisucesso.com.br\/site\/?page_id=15"},"modified":"2020-06-04T14:40:39","modified_gmt":"2020-06-04T14:40:39","slug":"depoimentos-2","status":"publish","type":"page","link":"https:\/\/www.aquisucesso.com.br\/site\/depoimentos-2\/","title":{"rendered":"Depoimentos"},"content":{"rendered":"\n<p>Conhe\u00e7a a hist\u00f3ria dos grandes l\u00edderes da Herbalife<\/p>\n\n\n\n<figure class=\"wp-block-embed-youtube wp-block-embed is-type-video is-provider-youtube wp-embed-aspect-4-3 wp-has-aspect-ratio wp-embed-aspect-16-9\"><div class=\"wp-block-embed__wrapper\">\n<iframe loading=\"lazy\" title=\"Grandes l\u00edderes - Darlei e Ariana\" width=\"525\" height=\"295\" src=\"https:\/\/www.youtube.com\/embed\/pz6Cpn7Z8II?feature=oembed\" frameborder=\"0\" allow=\"accelerometer; autoplay; encrypted-media; gyroscope; picture-in-picture\" allowfullscreen><\/iframe>\n<\/div><\/figure>\n\n\n\n<figure class=\"wp-block-embed-youtube wp-block-embed is-type-video is-provider-youtube wp-embed-aspect-4-3 wp-has-aspect-ratio wp-embed-aspect-16-9\"><div class=\"wp-block-embed__wrapper\">\n<iframe loading=\"lazy\" title=\"Grandes l\u00edderes\" width=\"525\" height=\"295\" src=\"https:\/\/www.youtube.com\/embed\/j9nZ3iIQ9qc?feature=oembed\" frameborder=\"0\" allow=\"accelerometer; autoplay; encrypted-media; gyroscope; picture-in-picture\" allowfullscreen><\/iframe>\n<\/div><\/figure>\n\n\n\n<figure class=\"wp-block-embed-youtube wp-block-embed is-type-video is-provider-youtube wp-embed-aspect-16-9 wp-has-aspect-ratio\"><div class=\"wp-block-embed__wrapper\">\n<iframe loading=\"lazy\" title=\"Grandes l\u00edderes\" width=\"525\" height=\"295\" src=\"https:\/\/www.youtube.com\/embed\/hFCbX2cB56o?feature=oembed\" frameborder=\"0\" allow=\"accelerometer; autoplay; encrypted-media; gyroscope; picture-in-picture\" allowfullscreen><\/iframe>\n<\/div><\/figure>\n\n\n\n<p><em>Os depoimentos financeiros aqui apresentados refletem resultados individuais \u2018ou exemplos\u2019 e n\u00e3o representam ganhos m\u00e9dios<\/em><\/p>\n","protected":false},"excerpt":{"rendered":"<p>Conhe\u00e7a a hist\u00f3ria dos grandes l\u00edderes da Herbalife Os depoimentos financeiros aqui apresentados refletem resultados individuais \u2018ou exemplos\u2019 e n\u00e3o representam ganhos m\u00e9dios<\/p>\n","protected":false},"author":1,"featured_media":0,"parent":0,"menu_order":0,"comment_status":"closed","ping_status":"closed","template":"","meta":[],"_links":{"self":[{"href":"https:\/\/www.aquisucesso.com.br\/site\/wp-json\/wp\/v2\/pages\/15"}],"collection":[{"href":"https:\/\/www.aquisucesso.com.br\/site\/wp-json\/wp\/v2\/pages"}],"about":[{"href":"https:\/\/www.aquisucesso.com.br\/site\/wp-json\/wp\/v2\/types\/page"}],"author":[{"embeddable":true,"href":"https:\/\/www.aquisucesso.com.br\/site\/wp-json\/wp\/v2\/users\/1"}],"replies":[{"embeddable":true,"href":"https:\/\/www.aquisucesso.com.br\/site\/wp-json\/wp\/v2\/comments?post=15"}],"version-history":[{"count":8,"href":"https:\/\/www.aquisucesso.com.br\/site\/wp-json\/wp\/v2\/pages\/15\/revisions"}],"predecessor-version":[{"id":174,"href":"https:\/\/www.aquisucesso.com.br\/site\/wp-json\/wp\/v2\/pages\/15\/revisions\/174"}],"wp:attachment":[{"href":"https:\/\/www.aquisucesso.com.br\/site\/wp-json\/wp\/v2\/media?parent=15"}],"curies":[{"name":"wp","href":"https:\/\/api.w.org\/{rel}","templated":true}]}}