{"id":14,"date":"2019-07-21T21:58:32","date_gmt":"2019-07-21T21:58:32","guid":{"rendered":"https:\/\/www.aquisucesso.com.br\/site\/?page_id=14"},"modified":"2019-10-31T23:29:29","modified_gmt":"2019-10-31T23:29:29","slug":"receitas","status":"publish","type":"page","link":"https:\/\/www.aquisucesso.com.br\/site\/receitas\/","title":{"rendered":"Receitas"},"content":{"rendered":"\n<h1>Receitas de Shake <\/h1>\n\n\n\n<div class=\"wp-block-image\"><figure class=\"alignleft\"><a href=\"https:\/\/www.visiteherbalife.com\/bortoli\/pt-BR\/Page\/4575\"><img src=\"https:\/\/az31823.vo.msecnd.net\/content\/pt-br\/img\/recipes\/shake_chocolate_maracuya.jpg\" alt=\"Shake de chocolate cremoso com maracuj\u00e1\"\/><\/a><\/figure><\/div>\n\n\n\n<h3>Shake de chocolate cremoso com maracuj\u00e1<\/h3>\n\n\n\n<p><strong>Ingredientes<\/strong><\/p>\n\n\n\n<ul><li>2 e \u00bd colheres (sopa) de shake de chocolate cremoso (26g)<\/li><li>250 ml de leite semidesnatado gelado<\/li><li>Polpa de 1 maracuj\u00e1 azedo maduro<\/li><\/ul>\n\n\n\n<p><strong>Modo de Preparo<\/strong><\/p>\n\n\n\n<p>Coloque o leite, o shake e a polpa do maracuj\u00e1 (reserve um pouco para decorar o shake) no liquidificador.<br>Bata at\u00e9 obter uma mistura homog\u00eanea.<\/p>\n\n\n\n<p><em>Com mais prote\u00edna: 1 colher de sopa de p\u00f3 de prote\u00edna (6g)<\/em><\/p>\n\n\n\n<p><em>Sugest\u00e3o:<\/em>&nbsp;<em>2 tabletes de Fibras e Ervas e 1 tablete de Xtra-Cal<\/em><\/p>\n\n\n\n<div class=\"wp-block-image\"><figure class=\"alignleft\"><a href=\"https:\/\/www.visiteherbalife.com\/bortoli\/pt-BR\/Page\/4573\"><img src=\"https:\/\/az31823.vo.msecnd.net\/content\/pt-br\/img\/recipes\/shake_baunilha_papaya.jpg\" alt=\"Shake de Baunilha Cremoso com Mam\u00e3o Papaya\"\/><\/a><\/figure><\/div>\n\n\n\n<h3>Shake de Baunilha Cremoso com Mam\u00e3o Papaya<\/h3>\n\n\n\n<p><strong>Ingredientes<\/strong><\/p>\n\n\n\n<ul><li>2,5 colheres de sopa de shake Baunilha Cremoso<\/li><li>250 ml de leite semidesnatado gelado<\/li><li>1 fatia grossa de mam\u00e3o Papaya<\/li><\/ul>\n\n\n\n<p><strong>Modo de Preparo:<\/strong><\/p>\n\n\n\n<p>Bata os ingredientes no liquidificador at\u00e9<br>a bebida ficar homog\u00eanea. Sirva a seguir.<\/p>\n\n\n\n<p>Valor energ\u00e9tico: 241 kcal<\/p>\n\n\n\n<p><em>Com mais prote\u00edna: 1 colher de sopa (6g) de P\u00f3 de Prote\u00edna<\/em><\/p>\n\n\n\n<p><em>Sugest\u00e3o:<\/em>&nbsp;<em>2 tabletes de Fibras e Ervas + 1 tablete de Multivitaminas e Minerais<\/em><\/p>\n\n\n\n<div class=\"wp-block-image\"><figure class=\"alignleft is-resized\"><a href=\"https:\/\/www.visiteherbalife.com\/bortoli\/pt-BR\/Page\/5032\"><img loading=\"lazy\" src=\"https:\/\/az31823.vo.msecnd.net\/content\/pt-br\/img\/2recipe.jpg\" alt=\"Frap\u00ea de Morango\" width=\"100\" height=\"110\"\/><\/a><\/figure><\/div>\n\n\n\n<h3>Frap\u00ea de Morango<\/h3>\n\n\n\n<p>Ingredientes<\/p>\n\n\n\n<ul><li>2 colheres (sopa) de Shake Morango<\/li><li>250 ml de leite semidesnatado<\/li><li>2 colheres (sopa) de leite de coco light<\/li><li>1 colher (ch\u00e1) de coco ralado, para enfeitar<\/li><\/ul>\n\n\n\n<p>Modo de preparo<\/p>\n\n\n\n<p>Bata todos os ingredientes no liquidificador at\u00e9 a bebida ficar homog\u00eanea.<\/p>\n\n\n\n<p>Coloque o coco ralado para enfeitar.<\/p>\n\n\n\n<p>Consuma imediatamente.<\/p>\n\n\n\n<p>Valor energ\u00e9tico por por\u00e7\u00e3o: 271 kcal<\/p>\n\n\n\n<div class=\"wp-block-image\"><figure class=\"alignleft is-resized\"><a href=\"https:\/\/www.visiteherbalife.com\/bortoli\/pt-BR\/Page\/5033\"><img loading=\"lazy\" src=\"https:\/\/az31823.vo.msecnd.net\/content\/pt-br\/img\/3recipe.jpg\" alt=\"Shake de Chocolate com Cerejas Frescas\" width=\"92\" height=\"95\"\/><\/a><\/figure><\/div>\n\n\n\n<h3>Shake de Chocolate com Cerejas Frescas<\/h3>\n\n\n\n<p>Ingredientes<\/p>\n\n\n\n<ul><li>2 colheres de sopa de shake de chocolate<\/li><li>250 ml de leite semidesnatado<\/li><li>10 cerejas frescas sem caro\u00e7o.<\/li><\/ul>\n\n\n\n<p>Modo de Preparo<\/p>\n\n\n\n<p>Bata todos os ingredientes no liquidificador at\u00e9 a bebida ficar homog\u00eanea. Consuma imediatamente.<\/p>\n\n\n\n<p>Valor energ\u00e9tico por por\u00e7\u00e3o: 280 kcal<\/p>\n\n\n\n<div class=\"wp-block-image\"><figure class=\"alignleft is-resized\"><a href=\"https:\/\/www.visiteherbalife.com\/bortoli\/pt-BR\/Page\/5034\"><img loading=\"lazy\" src=\"https:\/\/az31823.vo.msecnd.net\/content\/pt-br\/img\/4recipe.jpg\" alt=\"\" width=\"92\" height=\"104\"\/><\/a><\/figure><\/div>\n\n\n\n<h3>Shake de Frutas Tropicais com acerola<\/h3>\n\n\n\n<p>Ingredientes<\/p>\n\n\n\n<ul><li>2 colheres de sopa de shake de Frutas Tropicais (26g)<\/li><li>250 ml de leite semidesnatado gelado<\/li><li>1 x\u00edcara de ch\u00e1 de acerola<\/li><\/ul>\n\n\n\n<p>Modo de Preparo:<\/p>\n\n\n\n<p>Bata o leite com a acerola no liquidificador, coe e misture com o shake de Frutas Tropicais.<\/p>\n\n\n\n<p>Valor energ\u00e9tico: 224 kcal<\/p>\n\n\n\n<p><em>Com mais prote\u00edna:&nbsp;<\/em><em>1 colher de sopa (6 g) de P\u00f3 de Prote\u00edna<\/em><br><em>Sugest\u00e3o:&nbsp;<\/em><em>2 tabletes de Fibras e Ervas e 1 tablete de Multivitaminas e Minerais.<\/em><br><em>Recomenda\u00e7\u00e3o:&nbsp;<\/em><em>consumir as fibras com um copo de \u00e1gua<\/em><\/p>\n\n\n\n<div class=\"wp-block-image\"><figure class=\"alignleft is-resized\"><a href=\"https:\/\/www.visiteherbalife.com\/bortoli\/pt-BR\/Page\/5035\"><img loading=\"lazy\" src=\"https:\/\/az31823.vo.msecnd.net\/content\/pt-br\/img\/5recipe.jpg\" alt=\"Shake de morango cremoso com banana\" width=\"91\" height=\"98\"\/><\/a><\/figure><\/div>\n\n\n\n<h3>Shake de morango cremoso<\/h3>\n\n\n\n<p>Ingredientes<\/p>\n\n\n\n<ul><li>2 e 1\/2 colheres de sopa de shake de morango cremoso (26g)<\/li><li>250 ml de leite semidesnatado gelado<\/li><li>1\/2 banana prata<\/li><li>1\/2 colher de sopa de calda de morango ou frutas vermelhas diet\/light<\/li><\/ul>\n\n\n\n<p>Modo de Preparo<\/p>\n\n\n\n<p>Coloque o leite, shake e a banana no liquidificador. Bata at\u00e9 obter uma mistura homog\u00eanea.<\/p>\n\n\n\n<p>Decore o copo com a calda de morango e coloque o shake.<\/p>\n\n\n\n<p>Valor energ\u00e9tico: 259 kcal<\/p>\n\n\n\n<div class=\"wp-block-image\"><figure class=\"alignleft is-resized\"><a href=\"https:\/\/www.visiteherbalife.com\/bortoli\/pt-BR\/Page\/5036\"><img loading=\"lazy\" src=\"https:\/\/az31823.vo.msecnd.net\/content\/pt-br\/img\/6recipe.jpg\" alt=\"Shake de Chocolate Cremoso com Mam\u00e3o Papaia \" width=\"92\" height=\"110\"\/><\/a><\/figure><\/div>\n\n\n\n<h3>Shake de Chocolate Cremoso com Mam\u00e3o Papaia<\/h3>\n\n\n\n<p>Ingredientes<\/p>\n\n\n\n<ul><li>2 e 1\/2 colher sopa (26 g) de shake Chocolate Cremoso<\/li><li>250 ml de leite semidesnatado<\/li><li>1 fatia de mam\u00e3o papaia<\/li><\/ul>\n\n\n\n<p>Modo de Preparo<\/p>\n\n\n\n<p>Junte todos os ingredientes no liquidificador e bata at\u00e9 a bebida ficar homog\u00eanea. Sirva a seguir.<\/p>\n\n\n\n<p>Valor energ\u00e9tico: 246 kcal<\/p>\n\n\n\n<div class=\"wp-block-image\"><figure class=\"alignleft is-resized\"><a href=\"https:\/\/www.visiteherbalife.com\/bortoli\/pt-BR\/Page\/6549\"><img loading=\"lazy\" src=\"https:\/\/az31823.vo.msecnd.net\/content\/pt-br\/img\/shake_with_guava.jpg\" alt=\"Doce de Leite com Goiabada Diet\" width=\"102\" height=\"137\"\/><\/a><\/figure><\/div>\n\n\n\n<h3>Shake de Doce de Leite com Goiabada Diet<\/h3>\n\n\n\n<p><strong>Ingredientes<\/strong><\/p>\n\n\n\n<ul><li>2 1\/2 colheres de sopa (26 g) de shake Doce de Leite<\/li><li>250 ml de leite semidesnatado gelado<\/li><li>1 colher de Goiabada Diet<\/li><\/ul>\n\n\n\n<p><strong>Modo de Preparo<\/strong><\/p>\n\n\n\n<p>Bata todos os ingredientes e sirva a seguir.<\/p>\n\n\n\n<p><em>Valor energ\u00e9tico: 209 kcal<\/em><\/p>\n\n\n\n<div class=\"wp-block-image\"><figure class=\"alignleft is-resized\"><a href=\"https:\/\/www.visiteherbalife.com\/bortoli\/pt-BR\/Page\/6550\"><img loading=\"lazy\" src=\"https:\/\/az31823.vo.msecnd.net\/content\/pt-br\/img\/shake_passionfruit_pineapple.jpg\" alt=\"Mousse de Maracuj\u00e1, Abacaxi e Capim Cidreira\" width=\"85\" height=\"114\"\/><\/a><\/figure><\/div>\n\n\n\n<h3> Shake Mousse de Maracuj\u00e1, Abacaxi e Capim Cidreira<\/h3>\n\n\n\n<p><strong>Ingredientes<\/strong><\/p>\n\n\n\n<ul><li>2 colheres e meia de sopa (26 g) de Shake Sabou Mousse de Maracuj\u00e1<\/li><li>100 ml de leite semidesnatado gelado<\/li><li>150&nbsp; ml de iogurte natural desnatado<\/li><li>1 fatia de abacaxi<\/li><li>\u00bd x\u00edcara de ch\u00e1 picado de Capim cidreira<\/li><\/ul>\n\n\n\n<p><strong>Modo de preparo<\/strong><\/p>\n\n\n\n<p>Bata o leite com o Capim Cidreira e coe. Despeje o leite de novo no liquidificador e bata com os outros ingredientes.<br>Sirva a seguir.<\/p>\n\n\n\n<p><em>Valor energ\u00e9tico por por\u00e7\u00e3o: 231 kcal<\/em><\/p>\n","protected":false},"excerpt":{"rendered":"<p>Receitas de Shake Shake de chocolate cremoso com maracuj\u00e1 Ingredientes 2 e \u00bd colheres (sopa) de shake de chocolate cremoso (26g) 250 ml de leite semidesnatado gelado Polpa de 1 maracuj\u00e1 azedo maduro Modo de Preparo Coloque o leite, o shake e a polpa do maracuj\u00e1 (reserve um pouco para decorar o shake) no liquidificador.Bata [&hellip;]<\/p>\n","protected":false},"author":1,"featured_media":0,"parent":0,"menu_order":0,"comment_status":"closed","ping_status":"closed","template":"","meta":[],"_links":{"self":[{"href":"https:\/\/www.aquisucesso.com.br\/site\/wp-json\/wp\/v2\/pages\/14"}],"collection":[{"href":"https:\/\/www.aquisucesso.com.br\/site\/wp-json\/wp\/v2\/pages"}],"about":[{"href":"https:\/\/www.aquisucesso.com.br\/site\/wp-json\/wp\/v2\/types\/page"}],"author":[{"embeddable":true,"href":"https:\/\/www.aquisucesso.com.br\/site\/wp-json\/wp\/v2\/users\/1"}],"replies":[{"embeddable":true,"href":"https:\/\/www.aquisucesso.com.br\/site\/wp-json\/wp\/v2\/comments?post=14"}],"version-history":[{"count":5,"href":"https:\/\/www.aquisucesso.com.br\/site\/wp-json\/wp\/v2\/pages\/14\/revisions"}],"predecessor-version":[{"id":132,"href":"https:\/\/www.aquisucesso.com.br\/site\/wp-json\/wp\/v2\/pages\/14\/revisions\/132"}],"wp:attachment":[{"href":"https:\/\/www.aquisucesso.com.br\/site\/wp-json\/wp\/v2\/media?parent=14"}],"curies":[{"name":"wp","href":"https:\/\/api.w.org\/{rel}","templated":true}]}}