{"id":11,"date":"2019-07-21T21:58:32","date_gmt":"2019-07-21T21:58:32","guid":{"rendered":"https:\/\/www.aquisucesso.com.br\/site\/?page_id=11"},"modified":"2019-10-30T15:56:29","modified_gmt":"2019-10-30T15:56:29","slug":"sobre-a-herbalife","status":"publish","type":"page","link":"https:\/\/www.aquisucesso.com.br\/site\/sobre-a-herbalife\/","title":{"rendered":"Sobre a Herbalife"},"content":{"rendered":"\n<figure class=\"wp-block-embed-youtube wp-block-embed is-type-video is-provider-youtube wp-embed-aspect-16-9 wp-has-aspect-ratio\"><div class=\"wp-block-embed__wrapper\">\n<iframe loading=\"lazy\" title=\"institucional herbalife\" width=\"525\" height=\"295\" src=\"https:\/\/www.youtube.com\/embed\/KDQSuzyGaNA?feature=oembed\" frameborder=\"0\" allow=\"accelerometer; autoplay; encrypted-media; gyroscope; picture-in-picture\" allowfullscreen><\/iframe>\n<\/div><\/figure>\n\n\n\n<blockquote class=\"wp-block-quote\"><p>N\u00f3s somos uma empresa global de nutri\u00e7\u00e3o&#8230; Nossos produtos s\u00e3o desenvolvidos com base em Ci\u00eancia e Tecnologia comprovados.<\/p><\/blockquote>\n\n\n\n<p>A Herbalife Ltda. \u00e9 uma empresa global de nutri\u00e7\u00e3o e vendas diretas \nque adota o modelo de Marketing de Rede (ou Multin\u00edvel) para a \ncomercializa\u00e7\u00e3o de seus produtos. Presente em mais de 85 pa\u00edses, est\u00e1 no\n Brasil desde 1995, atuando na fabrica\u00e7\u00e3o e distribui\u00e7\u00e3o de produtos \npara nutri\u00e7\u00e3o, controle de peso e cuidados pessoais, voltados ao estilo \nde vida saud\u00e1vel.<\/p>\n\n\n\n<p>Por meio da Herbalife Family Foundation (HFF), s\u00e3o feitas diversas \niniciativas em responsabilidade social, assim como o programa Casa \nHerbalife, que ajuda a trazer uma boa alimenta\u00e7\u00e3o a crian\u00e7as em situa\u00e7\u00e3o\n de risco. A empresa tamb\u00e9m patrocina mais de 100 eventos relacionados \nao esporte e fitness, atividades e atletas em todo o mundo, o que \nconfirma o compromisso com um estilo de vida saud\u00e1vel e ativo.<\/p>\n\n\n\n<p>A Herbalife tem como miss\u00e3o, mudar a vida das pessoas e o compromisso\n de oferecer produtos de qualidade e a melhor oportunidade de neg\u00f3cio na\n Venda Direta.<\/p>\n","protected":false},"excerpt":{"rendered":"<p>N\u00f3s somos uma empresa global de nutri\u00e7\u00e3o&#8230; Nossos produtos s\u00e3o desenvolvidos com base em Ci\u00eancia e Tecnologia comprovados. A Herbalife Ltda. \u00e9 uma empresa global de nutri\u00e7\u00e3o e vendas diretas que adota o modelo de Marketing de Rede (ou Multin\u00edvel) para a comercializa\u00e7\u00e3o de seus produtos. Presente em mais de 85 pa\u00edses, est\u00e1 no Brasil [&hellip;]<\/p>\n","protected":false},"author":1,"featured_media":0,"parent":0,"menu_order":0,"comment_status":"closed","ping_status":"closed","template":"","meta":[],"_links":{"self":[{"href":"https:\/\/www.aquisucesso.com.br\/site\/wp-json\/wp\/v2\/pages\/11"}],"collection":[{"href":"https:\/\/www.aquisucesso.com.br\/site\/wp-json\/wp\/v2\/pages"}],"about":[{"href":"https:\/\/www.aquisucesso.com.br\/site\/wp-json\/wp\/v2\/types\/page"}],"author":[{"embeddable":true,"href":"https:\/\/www.aquisucesso.com.br\/site\/wp-json\/wp\/v2\/users\/1"}],"replies":[{"embeddable":true,"href":"https:\/\/www.aquisucesso.com.br\/site\/wp-json\/wp\/v2\/comments?post=11"}],"version-history":[{"count":5,"href":"https:\/\/www.aquisucesso.com.br\/site\/wp-json\/wp\/v2\/pages\/11\/revisions"}],"predecessor-version":[{"id":131,"href":"https:\/\/www.aquisucesso.com.br\/site\/wp-json\/wp\/v2\/pages\/11\/revisions\/131"}],"wp:attachment":[{"href":"https:\/\/www.aquisucesso.com.br\/site\/wp-json\/wp\/v2\/media?parent=11"}],"curies":[{"name":"wp","href":"https:\/\/api.w.org\/{rel}","templated":true}]}}